{"id":26,"date":"2016-06-05T05:50:27","date_gmt":"2016-06-05T02:50:27","guid":{"rendered":"http:\/\/localhost\/www.astraelektronik.com\/?page_id=26"},"modified":"2022-11-20T02:01:36","modified_gmt":"2022-11-19T23:01:36","slug":"iletisim","status":"publish","type":"page","link":"https:\/\/www.astraelektronik.com\/index.php\/iletisim\/","title":{"rendered":"\u0130leti\u015fim"},"content":{"rendered":"\n<h2 class=\"wp-block-heading\">T\u00fcrkiye ileti\u015fim Bilgileri<\/h2>\n\n\n<p><a href=\"https:\/\/www.google.com.tr\/maps\/place\/40%C2%B049'10.7%22N+29%C2%B017'29.2%22E\/@40.8196464,29.2907011,18z\/data=!3m1!4b1!4m5!3m4!1s0x0:0x0!8m2!3d40.819645!4d29.291446\" target=\"_blank\" rel=\"noopener\"><img loading=\"lazy\" decoding=\"async\" class=\"alignleft wp-image-559 size-medium\" src=\"https:\/\/www.astraelektronik.com\/wp-content\/uploads\/2022\/11\/astramap3-300x164.jpg\" alt=\"\" width=\"300\" height=\"164\" srcset=\"https:\/\/www.astraelektronik.com\/wp-content\/uploads\/2022\/11\/astramap3-300x164.jpg 300w, https:\/\/www.astraelektronik.com\/wp-content\/uploads\/2022\/11\/astramap3-1024x558.jpg 1024w, https:\/\/www.astraelektronik.com\/wp-content\/uploads\/2022\/11\/astramap3-768x419.jpg 768w, https:\/\/www.astraelektronik.com\/wp-content\/uploads\/2022\/11\/astramap3.jpg 1187w\" sizes=\"auto, (max-width: 300px) 100vw, 300px\" \/><\/a><\/p>\n<p style=\"text-align: center;\">Postane Mahallesi Yal\u0131boyu Caddesi No.50 Tuzla \u0130stanbul<\/p>\n<p style=\"text-align: center;\">Tel: <span style=\"color: #333333;\"><a style=\"color: #333333;\" href=\"tel:02165740612\">0216 5740612<\/a> &#8211;\u00a0<a style=\"color: #333333;\" href=\"tel:02165740613\">0216 5740613<\/a> &#8211; <a style=\"color: #333333;\" href=\"tel:02165740614\">0216 5740614<\/a>\u00a0&#8211; <a style=\"color: #333333;\" href=\"tel:02165740615\">0216 5740615<\/a> \u00a0 \u00a0Faks:\u00a00216 5740616<\/span><\/p>\n<p style=\"text-align: center;\">e-mail: <a href=\"mailto:astra@astraelektronik.com\">astra@astraelektronik.com<\/a><\/p>\n<p>\u00a0<\/p>\n\n\n<h2 class=\"wp-block-heading\"><\/h2>\n\n\n\n<p><\/p>\n\n\n\n<h2 class=\"wp-block-heading\">Amerika Birle\u015fik Devletleri ileti\u015fim Bilgileri<\/h2>\n\n\n<p><a href=\"https:\/\/goo.gl\/maps\/ka44fytXzprq8A757\" target=\"_blank\" rel=\"noopener\"><img loading=\"lazy\" decoding=\"async\" class=\"alignleft wp-image-557 size-medium\" src=\"https:\/\/www.astraelektronik.com\/wp-content\/uploads\/2022\/11\/astramap4-300x164.jpg\" alt=\"\" width=\"300\" height=\"164\" srcset=\"https:\/\/www.astraelektronik.com\/wp-content\/uploads\/2022\/11\/astramap4-300x164.jpg 300w, https:\/\/www.astraelektronik.com\/wp-content\/uploads\/2022\/11\/astramap4-1024x558.jpg 1024w, https:\/\/www.astraelektronik.com\/wp-content\/uploads\/2022\/11\/astramap4-768x419.jpg 768w, https:\/\/www.astraelektronik.com\/wp-content\/uploads\/2022\/11\/astramap4.jpg 1187w\" sizes=\"auto, (max-width: 300px) 100vw, 300px\" \/><\/a><\/p>\n<p style=\"text-align: center;\">Astra Electronics LLC<\/p>\n<p style=\"text-align: center;\">4800 NW 146TH PL PORTLAND, OR 97229<\/p>\n<p style=\"text-align: center;\">Tel: +1 971 500 5366<span style=\"color: #333333;\"> \u00a0<\/span><\/p>\n<p style=\"text-align: center;\">e-mail: <a href=\"mailto:kazim@astraelectronics.com\">kazim@astraelectronics.com<\/a><\/p>\n\n\n<h2 class=\"wp-block-heading\"><\/h2>\n","protected":false},"excerpt":{"rendered":"<p>T\u00fcrkiye ileti\u015fim Bilgileri Postane Mahallesi Yal\u0131boyu Caddesi No.50 Tuzla \u0130stanbul Tel: 0216 5740612 &#8211;\u00a00216 5740613 &#8211; 0216 5740614\u00a0&#8211; 0216 5740615 \u00a0 \u00a0Faks:\u00a00216 5740616 e-mail: astra@astraelektronik.com \u00a0 Amerika Birle\u015fik Devletleri ileti\u015fim Bilgileri Astra Electronics LLC 4800 NW 146TH PL PORTLAND, OR 97229 Tel: +1 971 500 5366 \u00a0 e-mail: kazim@astraelectronics.com<\/p>\n","protected":false},"author":1,"featured_media":0,"parent":0,"menu_order":6,"comment_status":"closed","ping_status":"closed","template":"","meta":{"footnotes":""},"class_list":["post-26","page","type-page","status-publish","hentry"],"_links":{"self":[{"href":"https:\/\/www.astraelektronik.com\/index.php\/wp-json\/wp\/v2\/pages\/26","targetHints":{"allow":["GET"]}}],"collection":[{"href":"https:\/\/www.astraelektronik.com\/index.php\/wp-json\/wp\/v2\/pages"}],"about":[{"href":"https:\/\/www.astraelektronik.com\/index.php\/wp-json\/wp\/v2\/types\/page"}],"author":[{"embeddable":true,"href":"https:\/\/www.astraelektronik.com\/index.php\/wp-json\/wp\/v2\/users\/1"}],"replies":[{"embeddable":true,"href":"https:\/\/www.astraelektronik.com\/index.php\/wp-json\/wp\/v2\/comments?post=26"}],"version-history":[{"count":32,"href":"https:\/\/www.astraelektronik.com\/index.php\/wp-json\/wp\/v2\/pages\/26\/revisions"}],"predecessor-version":[{"id":567,"href":"https:\/\/www.astraelektronik.com\/index.php\/wp-json\/wp\/v2\/pages\/26\/revisions\/567"}],"wp:attachment":[{"href":"https:\/\/www.astraelektronik.com\/index.php\/wp-json\/wp\/v2\/media?parent=26"}],"curies":[{"name":"wp","href":"https:\/\/api.w.org\/{rel}","templated":true}]}}