{"id":18,"date":"2016-06-05T05:49:15","date_gmt":"2016-06-05T02:49:15","guid":{"rendered":"http:\/\/localhost\/www.astraelektronik.com\/?page_id=18"},"modified":"2017-01-21T18:47:59","modified_gmt":"2017-01-21T15:47:59","slug":"lcd-2","status":"publish","type":"page","link":"https:\/\/www.astraelektronik.com\/index.php\/lcd-2\/","title":{"rendered":"LCD"},"content":{"rendered":"<p>&nbsp;<\/p>\n<p><img loading=\"lazy\" decoding=\"async\" class=\"wp-image-234 aligncenter\" src=\"https:\/\/www.astraelektronik.com\/wp-content\/uploads\/2016\/06\/powertipustbanner.jpg\" width=\"798\" height=\"177\" srcset=\"https:\/\/www.astraelektronik.com\/wp-content\/uploads\/2016\/06\/powertipustbanner.jpg 1200w, https:\/\/www.astraelektronik.com\/wp-content\/uploads\/2016\/06\/powertipustbanner-300x67.jpg 300w, https:\/\/www.astraelektronik.com\/wp-content\/uploads\/2016\/06\/powertipustbanner-768x170.jpg 768w, https:\/\/www.astraelektronik.com\/wp-content\/uploads\/2016\/06\/powertipustbanner-1024x227.jpg 1024w\" sizes=\"auto, (max-width: 798px) 100vw, 798px\" \/><\/p>\n<p>POWERTIP, 1991\u2019de kuruldu\u011fundan bug\u00fcne \u00fcretim ve AR-GE\u2019de 3300\u2019\u00fcn \u00fczerinde \u00e7al\u0131\u015fan\u0131, 90200 metrekare kapal\u0131 alanl\u0131 \u00fcretim tesisleri, ISO 9001 ve 16949 Q1 kalite sertifikalar\u0131yla d\u00fcnyan\u0131n say\u0131l\u0131 LCD (Likit Kristal Display) \u00fcreticilerinden biri olmu\u015ftur.<\/p>\n<p>Elektronik ve di\u011fer sekt\u00f6rlerde bulunan bir\u00e7ok d\u00fcnya devi firma y\u0131llard\u0131r POWERTIP LCD\u2019leri tercih etmektedir. M\u00fc\u015fteri portf\u00f6y\u00fcne herg\u00fcn yeni d\u00fcnya devleri kat\u0131lmaktad\u0131r.<\/p>\n<p>POWERTIP \u00fcr\u00fcnlerini kullanan ba\u015fl\u0131ca markalar:<\/p>\n<p>Sony, Philips, IBM, Samsung, Toshiba, HP, Asus, Siemens, LG, Lexmark, Dell, Kyocre, Oki, Cannon, Olivetti, MGA, Linksys, Verifon, Honeywell, Elektrolux, Roland, BENQ, vs&#8230;<\/p>\n<p>ASTRA Elektronik olarak 1991 y\u0131l\u0131ndan beri POWERTIP firmas\u0131n\u0131n T\u00fcrkiye Temsilcili\u011fini yapmaktay\u0131z.<\/p>\n<p>&nbsp;<\/p>\n<p><a href=\"https:\/\/www.astraelektronik.com\/wp-content\/powertip\/POWERTIP_KATALOG.pdf\" target=\"_blank\">POWERTIP \u00dcr\u00fcn Katalo\u011fu i\u00e7in buray\u0131 t\u0131klay\u0131n\u0131z.<\/a><\/p>\n<p>&nbsp;<\/p>\n<p><a href=\"http:\/\/www.powertip.com.tw\/products_1.php\" target=\"_blank\">Detayl\u0131 \u00fcr\u00fcn aramas\u0131 yapmak i\u00e7in buray\u0131 t\u0131klay\u0131n\u0131z. (Powertip web sitesine y\u00f6nlendirileceksiniz)<\/a><\/p>\n<p>&nbsp;<\/p>\n<p>&nbsp;<\/p>\n<p>&nbsp;<\/p>\n<p><img loading=\"lazy\" decoding=\"async\" class=\"size-full wp-image-511 aligncenter\" src=\"https:\/\/www.astraelektronik.com\/wp-content\/uploads\/2016\/06\/POWERTIP_SLAYT_02_600.jpg\" alt=\"POWERTIP_SLAYT_02_600\" width=\"600\" height=\"450\" srcset=\"https:\/\/www.astraelektronik.com\/wp-content\/uploads\/2016\/06\/POWERTIP_SLAYT_02_600.jpg 600w, https:\/\/www.astraelektronik.com\/wp-content\/uploads\/2016\/06\/POWERTIP_SLAYT_02_600-300x225.jpg 300w, https:\/\/www.astraelektronik.com\/wp-content\/uploads\/2016\/06\/POWERTIP_SLAYT_02_600-285x214.jpg 285w\" sizes=\"auto, (max-width: 600px) 100vw, 600px\" \/><\/p>\n<p><img loading=\"lazy\" decoding=\"async\" class=\"size-full wp-image-512 aligncenter\" src=\"https:\/\/www.astraelektronik.com\/wp-content\/uploads\/2016\/06\/POWERTIP_SLAYT_03_600.jpg\" alt=\"POWERTIP_SLAYT_03_600\" width=\"600\" height=\"450\" srcset=\"https:\/\/www.astraelektronik.com\/wp-content\/uploads\/2016\/06\/POWERTIP_SLAYT_03_600.jpg 600w, https:\/\/www.astraelektronik.com\/wp-content\/uploads\/2016\/06\/POWERTIP_SLAYT_03_600-300x225.jpg 300w, https:\/\/www.astraelektronik.com\/wp-content\/uploads\/2016\/06\/POWERTIP_SLAYT_03_600-285x214.jpg 285w\" sizes=\"auto, (max-width: 600px) 100vw, 600px\" \/><\/p>\n<p><img loading=\"lazy\" decoding=\"async\" class=\"size-full wp-image-513 aligncenter\" src=\"https:\/\/www.astraelektronik.com\/wp-content\/uploads\/2016\/06\/POWERTIP_SLAYT_04_600.jpg\" alt=\"POWERTIP_SLAYT_04_600\" width=\"600\" height=\"450\" srcset=\"https:\/\/www.astraelektronik.com\/wp-content\/uploads\/2016\/06\/POWERTIP_SLAYT_04_600.jpg 600w, https:\/\/www.astraelektronik.com\/wp-content\/uploads\/2016\/06\/POWERTIP_SLAYT_04_600-300x225.jpg 300w, https:\/\/www.astraelektronik.com\/wp-content\/uploads\/2016\/06\/POWERTIP_SLAYT_04_600-285x214.jpg 285w\" sizes=\"auto, (max-width: 600px) 100vw, 600px\" \/><\/p>\n<p><img loading=\"lazy\" decoding=\"async\" class=\"size-full wp-image-514 aligncenter\" src=\"https:\/\/www.astraelektronik.com\/wp-content\/uploads\/2016\/06\/POWERTIP_SLAYT_05_600.jpg\" alt=\"POWERTIP_SLAYT_05_600\" width=\"600\" height=\"450\" srcset=\"https:\/\/www.astraelektronik.com\/wp-content\/uploads\/2016\/06\/POWERTIP_SLAYT_05_600.jpg 600w, https:\/\/www.astraelektronik.com\/wp-content\/uploads\/2016\/06\/POWERTIP_SLAYT_05_600-300x225.jpg 300w, https:\/\/www.astraelektronik.com\/wp-content\/uploads\/2016\/06\/POWERTIP_SLAYT_05_600-285x214.jpg 285w\" sizes=\"auto, (max-width: 600px) 100vw, 600px\" \/><\/p>\n<p><img loading=\"lazy\" decoding=\"async\" class=\"size-full wp-image-515 aligncenter\" src=\"https:\/\/www.astraelektronik.com\/wp-content\/uploads\/2016\/06\/POWERTIP_SLAYT_06_600.jpg\" alt=\"POWERTIP_SLAYT_06_600\" width=\"600\" height=\"450\" srcset=\"https:\/\/www.astraelektronik.com\/wp-content\/uploads\/2016\/06\/POWERTIP_SLAYT_06_600.jpg 600w, https:\/\/www.astraelektronik.com\/wp-content\/uploads\/2016\/06\/POWERTIP_SLAYT_06_600-300x225.jpg 300w, https:\/\/www.astraelektronik.com\/wp-content\/uploads\/2016\/06\/POWERTIP_SLAYT_06_600-285x214.jpg 285w\" sizes=\"auto, (max-width: 600px) 100vw, 600px\" \/><\/p>\n<p><img loading=\"lazy\" decoding=\"async\" class=\"size-full wp-image-516 aligncenter\" src=\"https:\/\/www.astraelektronik.com\/wp-content\/uploads\/2016\/06\/POWERTIP_SLAYT_07_600.jpg\" alt=\"POWERTIP_SLAYT_07_600\" width=\"600\" height=\"450\" srcset=\"https:\/\/www.astraelektronik.com\/wp-content\/uploads\/2016\/06\/POWERTIP_SLAYT_07_600.jpg 600w, https:\/\/www.astraelektronik.com\/wp-content\/uploads\/2016\/06\/POWERTIP_SLAYT_07_600-300x225.jpg 300w, https:\/\/www.astraelektronik.com\/wp-content\/uploads\/2016\/06\/POWERTIP_SLAYT_07_600-285x214.jpg 285w\" sizes=\"auto, (max-width: 600px) 100vw, 600px\" \/><\/p>\n<p><img loading=\"lazy\" decoding=\"async\" class=\"size-full wp-image-517 aligncenter\" src=\"https:\/\/www.astraelektronik.com\/wp-content\/uploads\/2016\/06\/POWERTIP_SLAYT_08_600.jpg\" alt=\"POWERTIP_SLAYT_08_600\" width=\"600\" height=\"450\" srcset=\"https:\/\/www.astraelektronik.com\/wp-content\/uploads\/2016\/06\/POWERTIP_SLAYT_08_600.jpg 600w, https:\/\/www.astraelektronik.com\/wp-content\/uploads\/2016\/06\/POWERTIP_SLAYT_08_600-300x225.jpg 300w, https:\/\/www.astraelektronik.com\/wp-content\/uploads\/2016\/06\/POWERTIP_SLAYT_08_600-285x214.jpg 285w\" sizes=\"auto, (max-width: 600px) 100vw, 600px\" \/><\/p>\n<p><img loading=\"lazy\" decoding=\"async\" class=\"size-full wp-image-518 aligncenter\" src=\"https:\/\/www.astraelektronik.com\/wp-content\/uploads\/2016\/06\/POWERTIP_SLAYT_09_600.jpg\" alt=\"POWERTIP_SLAYT_09_600\" width=\"600\" height=\"450\" srcset=\"https:\/\/www.astraelektronik.com\/wp-content\/uploads\/2016\/06\/POWERTIP_SLAYT_09_600.jpg 600w, https:\/\/www.astraelektronik.com\/wp-content\/uploads\/2016\/06\/POWERTIP_SLAYT_09_600-300x225.jpg 300w, https:\/\/www.astraelektronik.com\/wp-content\/uploads\/2016\/06\/POWERTIP_SLAYT_09_600-285x214.jpg 285w\" sizes=\"auto, (max-width: 600px) 100vw, 600px\" \/><\/p>\n<p><img loading=\"lazy\" decoding=\"async\" class=\"size-full wp-image-519 aligncenter\" src=\"https:\/\/www.astraelektronik.com\/wp-content\/uploads\/2016\/06\/POWERTIP_SLAYT_10_600.jpg\" alt=\"POWERTIP_SLAYT_10_600\" width=\"600\" height=\"450\" srcset=\"https:\/\/www.astraelektronik.com\/wp-content\/uploads\/2016\/06\/POWERTIP_SLAYT_10_600.jpg 600w, https:\/\/www.astraelektronik.com\/wp-content\/uploads\/2016\/06\/POWERTIP_SLAYT_10_600-300x225.jpg 300w, https:\/\/www.astraelektronik.com\/wp-content\/uploads\/2016\/06\/POWERTIP_SLAYT_10_600-285x214.jpg 285w\" sizes=\"auto, (max-width: 600px) 100vw, 600px\" \/><\/p>\n<p><img loading=\"lazy\" decoding=\"async\" class=\"size-full wp-image-520 aligncenter\" src=\"https:\/\/www.astraelektronik.com\/wp-content\/uploads\/2016\/06\/POWERTIP_SLAYT_11_600.jpg\" alt=\"POWERTIP_SLAYT_11_600\" width=\"600\" height=\"450\" srcset=\"https:\/\/www.astraelektronik.com\/wp-content\/uploads\/2016\/06\/POWERTIP_SLAYT_11_600.jpg 600w, https:\/\/www.astraelektronik.com\/wp-content\/uploads\/2016\/06\/POWERTIP_SLAYT_11_600-300x225.jpg 300w, https:\/\/www.astraelektronik.com\/wp-content\/uploads\/2016\/06\/POWERTIP_SLAYT_11_600-285x214.jpg 285w\" sizes=\"auto, (max-width: 600px) 100vw, 600px\" \/><\/p>\n<p><img loading=\"lazy\" decoding=\"async\" class=\"size-full wp-image-521 aligncenter\" src=\"https:\/\/www.astraelektronik.com\/wp-content\/uploads\/2016\/06\/POWERTIP_SLAYT_12_600.jpg\" alt=\"POWERTIP_SLAYT_12_600\" width=\"600\" height=\"450\" srcset=\"https:\/\/www.astraelektronik.com\/wp-content\/uploads\/2016\/06\/POWERTIP_SLAYT_12_600.jpg 600w, https:\/\/www.astraelektronik.com\/wp-content\/uploads\/2016\/06\/POWERTIP_SLAYT_12_600-300x225.jpg 300w, https:\/\/www.astraelektronik.com\/wp-content\/uploads\/2016\/06\/POWERTIP_SLAYT_12_600-285x214.jpg 285w\" sizes=\"auto, (max-width: 600px) 100vw, 600px\" \/><\/p>\n<p><img loading=\"lazy\" decoding=\"async\" class=\"size-full wp-image-522 aligncenter\" src=\"https:\/\/www.astraelektronik.com\/wp-content\/uploads\/2016\/06\/POWERTIP_SLAYT_13_600.jpg\" alt=\"POWERTIP_SLAYT_13_600\" width=\"600\" height=\"450\" srcset=\"https:\/\/www.astraelektronik.com\/wp-content\/uploads\/2016\/06\/POWERTIP_SLAYT_13_600.jpg 600w, https:\/\/www.astraelektronik.com\/wp-content\/uploads\/2016\/06\/POWERTIP_SLAYT_13_600-300x225.jpg 300w, https:\/\/www.astraelektronik.com\/wp-content\/uploads\/2016\/06\/POWERTIP_SLAYT_13_600-285x214.jpg 285w\" sizes=\"auto, (max-width: 600px) 100vw, 600px\" \/><\/p>\n<p><img loading=\"lazy\" decoding=\"async\" class=\"size-full wp-image-523 aligncenter\" src=\"https:\/\/www.astraelektronik.com\/wp-content\/uploads\/2016\/06\/POWERTIP_SLAYT_14_600.jpg\" alt=\"POWERTIP_SLAYT_14_600\" width=\"600\" height=\"450\" srcset=\"https:\/\/www.astraelektronik.com\/wp-content\/uploads\/2016\/06\/POWERTIP_SLAYT_14_600.jpg 600w, https:\/\/www.astraelektronik.com\/wp-content\/uploads\/2016\/06\/POWERTIP_SLAYT_14_600-300x225.jpg 300w, https:\/\/www.astraelektronik.com\/wp-content\/uploads\/2016\/06\/POWERTIP_SLAYT_14_600-285x214.jpg 285w\" sizes=\"auto, (max-width: 600px) 100vw, 600px\" \/><\/p>\n<p><img loading=\"lazy\" decoding=\"async\" class=\"size-full wp-image-524 aligncenter\" src=\"https:\/\/www.astraelektronik.com\/wp-content\/uploads\/2016\/06\/POWERTIP_SLAYT_15_600.jpg\" alt=\"POWERTIP_SLAYT_15_600\" width=\"600\" height=\"450\" srcset=\"https:\/\/www.astraelektronik.com\/wp-content\/uploads\/2016\/06\/POWERTIP_SLAYT_15_600.jpg 600w, https:\/\/www.astraelektronik.com\/wp-content\/uploads\/2016\/06\/POWERTIP_SLAYT_15_600-300x225.jpg 300w, https:\/\/www.astraelektronik.com\/wp-content\/uploads\/2016\/06\/POWERTIP_SLAYT_15_600-285x214.jpg 285w\" sizes=\"auto, (max-width: 600px) 100vw, 600px\" \/><\/p>\n<p><img loading=\"lazy\" decoding=\"async\" class=\"size-full wp-image-525 aligncenter\" src=\"https:\/\/www.astraelektronik.com\/wp-content\/uploads\/2016\/06\/POWERTIP_SLAYT_16_600.jpg\" alt=\"POWERTIP_SLAYT_16_600\" width=\"600\" height=\"450\" srcset=\"https:\/\/www.astraelektronik.com\/wp-content\/uploads\/2016\/06\/POWERTIP_SLAYT_16_600.jpg 600w, https:\/\/www.astraelektronik.com\/wp-content\/uploads\/2016\/06\/POWERTIP_SLAYT_16_600-300x225.jpg 300w, https:\/\/www.astraelektronik.com\/wp-content\/uploads\/2016\/06\/POWERTIP_SLAYT_16_600-285x214.jpg 285w\" sizes=\"auto, (max-width: 600px) 100vw, 600px\" \/><\/p>\n<p><img loading=\"lazy\" decoding=\"async\" class=\"size-full wp-image-526 aligncenter\" src=\"https:\/\/www.astraelektronik.com\/wp-content\/uploads\/2016\/06\/POWERTIP_SLAYT_17_600.jpg\" alt=\"POWERTIP_SLAYT_17_600\" width=\"600\" height=\"450\" srcset=\"https:\/\/www.astraelektronik.com\/wp-content\/uploads\/2016\/06\/POWERTIP_SLAYT_17_600.jpg 600w, https:\/\/www.astraelektronik.com\/wp-content\/uploads\/2016\/06\/POWERTIP_SLAYT_17_600-300x225.jpg 300w, https:\/\/www.astraelektronik.com\/wp-content\/uploads\/2016\/06\/POWERTIP_SLAYT_17_600-285x214.jpg 285w\" sizes=\"auto, (max-width: 600px) 100vw, 600px\" \/><\/p>\n<p><img loading=\"lazy\" decoding=\"async\" class=\"size-full wp-image-527 aligncenter\" src=\"https:\/\/www.astraelektronik.com\/wp-content\/uploads\/2016\/06\/POWERTIP_SLAYT_18_600.jpg\" alt=\"POWERTIP_SLAYT_18_600\" width=\"600\" height=\"450\" srcset=\"https:\/\/www.astraelektronik.com\/wp-content\/uploads\/2016\/06\/POWERTIP_SLAYT_18_600.jpg 600w, https:\/\/www.astraelektronik.com\/wp-content\/uploads\/2016\/06\/POWERTIP_SLAYT_18_600-300x225.jpg 300w, https:\/\/www.astraelektronik.com\/wp-content\/uploads\/2016\/06\/POWERTIP_SLAYT_18_600-285x214.jpg 285w\" sizes=\"auto, (max-width: 600px) 100vw, 600px\" \/><\/p>\n<p><img loading=\"lazy\" decoding=\"async\" class=\"size-full wp-image-528 aligncenter\" src=\"https:\/\/www.astraelektronik.com\/wp-content\/uploads\/2016\/06\/POWERTIP_SLAYT_19_600.jpg\" alt=\"POWERTIP_SLAYT_19_600\" width=\"600\" height=\"450\" srcset=\"https:\/\/www.astraelektronik.com\/wp-content\/uploads\/2016\/06\/POWERTIP_SLAYT_19_600.jpg 600w, https:\/\/www.astraelektronik.com\/wp-content\/uploads\/2016\/06\/POWERTIP_SLAYT_19_600-300x225.jpg 300w, https:\/\/www.astraelektronik.com\/wp-content\/uploads\/2016\/06\/POWERTIP_SLAYT_19_600-285x214.jpg 285w\" sizes=\"auto, (max-width: 600px) 100vw, 600px\" \/><\/p>\n<p><img loading=\"lazy\" decoding=\"async\" class=\"size-full wp-image-529 aligncenter\" src=\"https:\/\/www.astraelektronik.com\/wp-content\/uploads\/2016\/06\/POWERTIP_SLAYT_20_600.jpg\" alt=\"POWERTIP_SLAYT_20_600\" width=\"600\" height=\"450\" srcset=\"https:\/\/www.astraelektronik.com\/wp-content\/uploads\/2016\/06\/POWERTIP_SLAYT_20_600.jpg 600w, https:\/\/www.astraelektronik.com\/wp-content\/uploads\/2016\/06\/POWERTIP_SLAYT_20_600-300x225.jpg 300w, https:\/\/www.astraelektronik.com\/wp-content\/uploads\/2016\/06\/POWERTIP_SLAYT_20_600-285x214.jpg 285w\" sizes=\"auto, (max-width: 600px) 100vw, 600px\" \/><\/p>\n<p><img loading=\"lazy\" decoding=\"async\" class=\"size-full wp-image-530 aligncenter\" src=\"https:\/\/www.astraelektronik.com\/wp-content\/uploads\/2016\/06\/POWERTIP_SLAYT_21_600.jpg\" alt=\"POWERTIP_SLAYT_21_600\" width=\"600\" height=\"450\" srcset=\"https:\/\/www.astraelektronik.com\/wp-content\/uploads\/2016\/06\/POWERTIP_SLAYT_21_600.jpg 600w, https:\/\/www.astraelektronik.com\/wp-content\/uploads\/2016\/06\/POWERTIP_SLAYT_21_600-300x225.jpg 300w, https:\/\/www.astraelektronik.com\/wp-content\/uploads\/2016\/06\/POWERTIP_SLAYT_21_600-285x214.jpg 285w\" sizes=\"auto, (max-width: 600px) 100vw, 600px\" \/><\/p>\n<p>&nbsp;<\/p>\n","protected":false},"excerpt":{"rendered":"<p>&nbsp; POWERTIP, 1991\u2019de kuruldu\u011fundan bug\u00fcne \u00fcretim ve AR-GE\u2019de 3300\u2019\u00fcn \u00fczerinde \u00e7al\u0131\u015fan\u0131, 90200 metrekare kapal\u0131 alanl\u0131 \u00fcretim tesisleri, ISO 9001 ve 16949 Q1 kalite sertifikalar\u0131yla d\u00fcnyan\u0131n say\u0131l\u0131 LCD (Likit Kristal Display) \u00fcreticilerinden biri olmu\u015ftur. Elektronik ve di\u011fer sekt\u00f6rlerde bulunan bir\u00e7ok d\u00fcnya devi firma y\u0131llard\u0131r POWERTIP LCD\u2019leri tercih etmektedir. M\u00fc\u015fteri portf\u00f6y\u00fcne herg\u00fcn yeni d\u00fcnya devleri kat\u0131lmaktad\u0131r. POWERTIP<a href=\"https:\/\/www.astraelektronik.com\/index.php\/lcd-2\/\">[&#8230;]<\/a><\/p>\n","protected":false},"author":1,"featured_media":0,"parent":0,"menu_order":3,"comment_status":"closed","ping_status":"closed","template":"","meta":{"footnotes":""},"class_list":["post-18","page","type-page","status-publish","hentry"],"_links":{"self":[{"href":"https:\/\/www.astraelektronik.com\/index.php\/wp-json\/wp\/v2\/pages\/18","targetHints":{"allow":["GET"]}}],"collection":[{"href":"https:\/\/www.astraelektronik.com\/index.php\/wp-json\/wp\/v2\/pages"}],"about":[{"href":"https:\/\/www.astraelektronik.com\/index.php\/wp-json\/wp\/v2\/types\/page"}],"author":[{"embeddable":true,"href":"https:\/\/www.astraelektronik.com\/index.php\/wp-json\/wp\/v2\/users\/1"}],"replies":[{"embeddable":true,"href":"https:\/\/www.astraelektronik.com\/index.php\/wp-json\/wp\/v2\/comments?post=18"}],"version-history":[{"count":43,"href":"https:\/\/www.astraelektronik.com\/index.php\/wp-json\/wp\/v2\/pages\/18\/revisions"}],"predecessor-version":[{"id":121,"href":"https:\/\/www.astraelektronik.com\/index.php\/wp-json\/wp\/v2\/pages\/18\/revisions\/121"}],"wp:attachment":[{"href":"https:\/\/www.astraelektronik.com\/index.php\/wp-json\/wp\/v2\/media?parent=18"}],"curies":[{"name":"wp","href":"https:\/\/api.w.org\/{rel}","templated":true}]}}